{"id":797,"date":"2024-01-29T12:15:24","date_gmt":"2024-01-29T10:15:24","guid":{"rendered":"https:\/\/www.app.trta.si\/?page_id=797"},"modified":"2025-03-05T10:57:19","modified_gmt":"2025-03-05T08:57:19","slug":"apartment","status":"publish","type":"page","link":"https:\/\/www.app.trta.si\/en\/apartment\/","title":{"rendered":"Apartment"},"content":{"rendered":"<div data-elementor-type=\"wp-page\" data-elementor-id=\"797\" class=\"elementor elementor-797\">\n\t\t\t\t\t\t<section class=\"elementor-section elementor-top-section elementor-element elementor-element-1a04764f elementor-section-boxed elementor-section-height-default elementor-section-height-default\" data-id=\"1a04764f\" data-element_type=\"section\" data-e-type=\"section\" data-settings=\"{&quot;background_background&quot;:&quot;classic&quot;}\">\n\t\t\t\t\t\t<div class=\"elementor-container elementor-column-gap-no\">\n\t\t\t\t\t<div class=\"elementor-column elementor-col-100 elementor-top-column elementor-element elementor-element-3bf87154\" data-id=\"3bf87154\" data-element_type=\"column\" data-e-type=\"column\">\n\t\t\t<div class=\"elementor-widget-wrap elementor-element-populated\">\n\t\t\t\t\t\t<section class=\"elementor-section elementor-inner-section elementor-element elementor-element-4f3f2b6e elementor-section-content-middle elementor-section-boxed elementor-section-height-default elementor-section-height-default\" data-id=\"4f3f2b6e\" data-element_type=\"section\" data-e-type=\"section\">\n\t\t\t\t\t\t<div class=\"elementor-container elementor-column-gap-no\">\n\t\t\t\t\t<div class=\"elementor-column elementor-col-50 elementor-inner-column elementor-element elementor-element-11737676\" data-id=\"11737676\" data-element_type=\"column\" data-e-type=\"column\" data-settings=\"{&quot;background_background&quot;:&quot;classic&quot;}\">\n\t\t\t<div class=\"elementor-widget-wrap elementor-element-populated\">\n\t\t\t\t\t\t<div class=\"elementor-element elementor-element-43135877 elementor-widget elementor-widget-heading\" data-id=\"43135877\" data-element_type=\"widget\" data-e-type=\"widget\" data-widget_type=\"heading.default\">\n\t\t\t\t<div class=\"elementor-widget-container\">\n\t\t\t\t\t<h3 class=\"elementor-heading-title elementor-size-xl\">apartment<\/h3>\t\t\t\t<\/div>\n\t\t\t\t<\/div>\n\t\t\t\t<div class=\"elementor-element elementor-element-266548e7 elementor-widget-divider--view-line elementor-widget elementor-widget-divider\" data-id=\"266548e7\" data-element_type=\"widget\" data-e-type=\"widget\" data-widget_type=\"divider.default\">\n\t\t\t\t<div class=\"elementor-widget-container\">\n\t\t\t\t\t\t\t<div class=\"elementor-divider\">\n\t\t\t<span class=\"elementor-divider-separator\">\n\t\t\t\t\t\t<\/span>\n\t\t<\/div>\n\t\t\t\t\t\t<\/div>\n\t\t\t\t<\/div>\n\t\t\t\t<div class=\"elementor-element elementor-element-59a3f452 elementor-widget elementor-widget-text-editor\" data-id=\"59a3f452\" data-element_type=\"widget\" data-e-type=\"widget\" data-widget_type=\"text-editor.default\">\n\t\t\t\t<div class=\"elementor-widget-container\">\n\t\t\t\t\t\t\t\t\t<p>The apartment, which has been renovated in 2014, is located on the first floor, above the Pizzerija Trta restaurant and is suitable for four people. <span class=\"HwtZe\" lang=\"sl\"><span class=\"jCAhz ChMk0b\"><span class=\"ryNqvb\">The apartment consists of an open living area with a kitchen, dining table, sofa and smart TV. The kitchen is equipped with a stove, oven, dishwasher, microwave and all other necessary appliances. The apartment has WiFi and air conditioning.\u00a0<\/span><\/span> <span class=\"jCAhz ChMk0b\"><span class=\"ryNqvb\">There are two bedrooms, one with a double bed and one with two singles.<\/span><\/span><\/span> The house is located on the banks of the Ljubljanica River, so the living room and one of the bedrooms have a beautiful view of the river. If necessary, we also offer a baby cot and the use of a washer and dryer.<\/p><p>There is no private parking space, so parking is possible on the street in front of the house, where you can pay with the EasyPark app every working day between 7 am and 7 pm.<\/p>\t\t\t\t\t\t\t\t<\/div>\n\t\t\t\t<\/div>\n\t\t\t\t\t<\/div>\n\t\t<\/div>\n\t\t\t\t<div class=\"elementor-column elementor-col-50 elementor-inner-column elementor-element elementor-element-1d56850f\" data-id=\"1d56850f\" data-element_type=\"column\" data-e-type=\"column\" data-settings=\"{&quot;background_background&quot;:&quot;classic&quot;}\">\n\t\t\t<div class=\"elementor-widget-wrap elementor-element-populated\">\n\t\t\t\t\t\t<div class=\"elementor-element elementor-element-08d1409 elementor-widget elementor-widget-image\" data-id=\"08d1409\" data-element_type=\"widget\" data-e-type=\"widget\" data-widget_type=\"image.default\">\n\t\t\t\t<div class=\"elementor-widget-container\">\n\t\t\t\t\t\t\t\t\t\t\t\t\t\t\t<img fetchpriority=\"high\" decoding=\"async\" width=\"800\" height=\"559\" src=\"https:\/\/www.app.trta.si\/wp-content\/uploads\/2024\/01\/apartma-prva-stran.png\" class=\"attachment-large size-large wp-image-922\" alt=\"\" srcset=\"https:\/\/www.app.trta.si\/wp-content\/uploads\/2024\/01\/apartma-prva-stran.png 800w, https:\/\/www.app.trta.si\/wp-content\/uploads\/2024\/01\/apartma-prva-stran-300x210.png 300w, https:\/\/www.app.trta.si\/wp-content\/uploads\/2024\/01\/apartma-prva-stran-768x537.png 768w\" sizes=\"(max-width: 800px) 100vw, 800px\" \/>\t\t\t\t\t\t\t\t\t\t\t\t\t\t\t<\/div>\n\t\t\t\t<\/div>\n\t\t\t\t\t<\/div>\n\t\t<\/div>\n\t\t\t\t\t<\/div>\n\t\t<\/section>\n\t\t<div class=\"elementor-element elementor-element-3082149 e-flex e-con-boxed e-con e-parent\" data-id=\"3082149\" data-element_type=\"container\" data-e-type=\"container\">\n\t\t\t\t\t<div class=\"e-con-inner\">\n\t\t<div class=\"elementor-element elementor-element-9a28f68 e-grid e-con-full e-con e-child\" data-id=\"9a28f68\" data-element_type=\"container\" data-e-type=\"container\">\n\t\t<div class=\"elementor-element elementor-element-346e624 e-grid e-con-full e-con e-child\" data-id=\"346e624\" data-element_type=\"container\" data-e-type=\"container\">\n\t\t\t\t<div class=\"elementor-element elementor-element-596cf3e elementor-widget elementor-widget-text-editor\" data-id=\"596cf3e\" data-element_type=\"widget\" data-e-type=\"widget\" data-widget_type=\"text-editor.default\">\n\t\t\t\t<div class=\"elementor-widget-container\">\n\t\t\t\t\t\t\t\t\t<ul><li>coffee maker<\/li><li>microwave<\/li><li>stovetop and oven<\/li><li>toaster<\/li><li>dishwasher<\/li><li>fridge<\/li><li>smart tv<\/li><\/ul>\t\t\t\t\t\t\t\t<\/div>\n\t\t\t\t<\/div>\n\t\t\t\t<div class=\"elementor-element elementor-element-494405e elementor-widget elementor-widget-text-editor\" data-id=\"494405e\" data-element_type=\"widget\" data-e-type=\"widget\" data-widget_type=\"text-editor.default\">\n\t\t\t\t<div class=\"elementor-widget-container\">\n\t\t\t\t\t\t\t\t\t<ul><li>towels<\/li><li>hair dryer<\/li><li>air conditioning<\/li><li>safe<\/li><li>bedding<\/li><li>electricity plug next to the bed<\/li><li>WiFi<\/li><\/ul>\t\t\t\t\t\t\t\t<\/div>\n\t\t\t\t<\/div>\n\t\t\t\t<div class=\"elementor-element elementor-element-16ef830 elementor-widget elementor-widget-text-editor\" data-id=\"16ef830\" data-element_type=\"widget\" data-e-type=\"widget\" data-widget_type=\"text-editor.default\">\n\t\t\t\t<div class=\"elementor-widget-container\">\n\t\t\t\t\t\t\t\t\t<ul><li>iron and ironing equipment<\/li><li>coffee and tea<\/li><li>carbon monoxide detector<\/li><\/ul>\t\t\t\t\t\t\t\t<\/div>\n\t\t\t\t<\/div>\n\t\t\t\t<\/div>\n\t\t\t\t<div class=\"elementor-element elementor-element-c0a193f elementor-widget elementor-widget-text-editor\" data-id=\"c0a193f\" data-element_type=\"widget\" data-e-type=\"widget\" data-widget_type=\"text-editor.default\">\n\t\t\t\t<div class=\"elementor-widget-container\">\n\t\t\t\t\t\t\t\t\t<p><strong>Distance from local sights<br \/><\/strong><\/p><p>The apartment is located in the Prule neighborhood, which is only 300 meters away from the old town of Ljubljana on foot. The entire old town of Ljubljana is a pedestrian zone. You will be 550 m or 7 minutes by foot away from the \u0160u\u0161tarski most, 850m or 11 minutes walk from the Tromostovje bridge and Pre\u0161eren Square.<\/p><p>Main railway and bus station is 1,8km and 25 minutes away by foot or 3km and 8 minutes by car or taxi.<\/p><p>Ljubljana (Jo\u017ee Pu\u010dnik) Airport is 30km from the accomodation.<\/p>\t\t\t\t\t\t\t\t<\/div>\n\t\t\t\t<\/div>\n\t\t\t\t<\/div>\n\t\t\t\t\t<\/div>\n\t\t\t\t<\/div>\n\t\t<div class=\"elementor-element elementor-element-f747f84 e-grid e-con-boxed e-con e-parent\" data-id=\"f747f84\" data-element_type=\"container\" data-e-type=\"container\">\n\t\t\t\t\t<div class=\"e-con-inner\">\n\t\t\t\t<div class=\"elementor-element elementor-element-2be134c elementor-widget elementor-widget-image\" data-id=\"2be134c\" data-element_type=\"widget\" data-e-type=\"widget\" data-widget_type=\"image.default\">\n\t\t\t\t<div class=\"elementor-widget-container\">\n\t\t\t\t\t\t\t\t\t\t\t\t\t\t\t<img decoding=\"async\" width=\"300\" height=\"300\" src=\"https:\/\/www.app.trta.si\/wp-content\/uploads\/2025\/03\/Digital-Award-TRA-2025-300x300.png\" class=\"attachment-medium size-medium wp-image-1208\" alt=\"\" srcset=\"https:\/\/www.app.trta.si\/wp-content\/uploads\/2025\/03\/Digital-Award-TRA-2025-300x300.png 300w, https:\/\/www.app.trta.si\/wp-content\/uploads\/2025\/03\/Digital-Award-TRA-2025-150x150.png 150w, https:\/\/www.app.trta.si\/wp-content\/uploads\/2025\/03\/Digital-Award-TRA-2025-768x768.png 768w, https:\/\/www.app.trta.si\/wp-content\/uploads\/2025\/03\/Digital-Award-TRA-2025-12x12.png 12w, https:\/\/www.app.trta.si\/wp-content\/uploads\/2025\/03\/Digital-Award-TRA-2025.png 1080w\" sizes=\"(max-width: 300px) 100vw, 300px\" \/>\t\t\t\t\t\t\t\t\t\t\t\t\t\t\t<\/div>\n\t\t\t\t<\/div>\n\t\t\t\t<div class=\"elementor-element elementor-element-787211b elementor-widget elementor-widget-image\" data-id=\"787211b\" data-element_type=\"widget\" data-e-type=\"widget\" data-widget_type=\"image.default\">\n\t\t\t\t<div class=\"elementor-widget-container\">\n\t\t\t\t\t\t\t\t\t\t\t\t\t\t\t<img decoding=\"async\" width=\"800\" height=\"533\" src=\"https:\/\/www.app.trta.si\/wp-content\/uploads\/2024\/05\/TrtaT-47.jpg\" class=\"attachment-large size-large wp-image-1024\" alt=\"\" srcset=\"https:\/\/www.app.trta.si\/wp-content\/uploads\/2024\/05\/TrtaT-47.jpg 800w, https:\/\/www.app.trta.si\/wp-content\/uploads\/2024\/05\/TrtaT-47-300x200.jpg 300w, https:\/\/www.app.trta.si\/wp-content\/uploads\/2024\/05\/TrtaT-47-768x512.jpg 768w\" sizes=\"(max-width: 800px) 100vw, 800px\" \/>\t\t\t\t\t\t\t\t\t\t\t\t\t\t\t<\/div>\n\t\t\t\t<\/div>\n\t\t\t\t<div class=\"elementor-element elementor-element-016c647 elementor-widget elementor-widget-image\" data-id=\"016c647\" data-element_type=\"widget\" data-e-type=\"widget\" data-widget_type=\"image.default\">\n\t\t\t\t<div class=\"elementor-widget-container\">\n\t\t\t\t\t\t\t\t\t\t\t\t\t\t\t<img loading=\"lazy\" decoding=\"async\" width=\"800\" height=\"534\" src=\"https:\/\/www.app.trta.si\/wp-content\/uploads\/2024\/05\/TrtaT-29.jpg\" class=\"attachment-large size-large wp-image-1027\" alt=\"\" srcset=\"https:\/\/www.app.trta.si\/wp-content\/uploads\/2024\/05\/TrtaT-29.jpg 800w, https:\/\/www.app.trta.si\/wp-content\/uploads\/2024\/05\/TrtaT-29-300x200.jpg 300w, https:\/\/www.app.trta.si\/wp-content\/uploads\/2024\/05\/TrtaT-29-768x513.jpg 768w\" sizes=\"(max-width: 800px) 100vw, 800px\" \/>\t\t\t\t\t\t\t\t\t\t\t\t\t\t\t<\/div>\n\t\t\t\t<\/div>\n\t\t\t\t<div class=\"elementor-element elementor-element-00124e1 elementor-widget elementor-widget-image\" data-id=\"00124e1\" data-element_type=\"widget\" data-e-type=\"widget\" data-widget_type=\"image.default\">\n\t\t\t\t<div class=\"elementor-widget-container\">\n\t\t\t\t\t\t\t\t\t\t\t\t\t\t\t<img loading=\"lazy\" decoding=\"async\" width=\"800\" height=\"524\" src=\"https:\/\/www.app.trta.si\/wp-content\/uploads\/2024\/05\/DSC_7149-1600x1048.jpg\" class=\"attachment-large size-large wp-image-1108\" alt=\"\" srcset=\"https:\/\/www.app.trta.si\/wp-content\/uploads\/2024\/05\/DSC_7149-1600x1048.jpg 1600w, https:\/\/www.app.trta.si\/wp-content\/uploads\/2024\/05\/DSC_7149-300x196.jpg 300w, https:\/\/www.app.trta.si\/wp-content\/uploads\/2024\/05\/DSC_7149-768x503.jpg 768w, https:\/\/www.app.trta.si\/wp-content\/uploads\/2024\/05\/DSC_7149-1536x1006.jpg 1536w, https:\/\/www.app.trta.si\/wp-content\/uploads\/2024\/05\/DSC_7149-2048x1341.jpg 2048w\" sizes=\"(max-width: 800px) 100vw, 800px\" \/>\t\t\t\t\t\t\t\t\t\t\t\t\t\t\t<\/div>\n\t\t\t\t<\/div>\n\t\t\t\t<div class=\"elementor-element elementor-element-e3beacc elementor-widget elementor-widget-image\" data-id=\"e3beacc\" data-element_type=\"widget\" data-e-type=\"widget\" data-widget_type=\"image.default\">\n\t\t\t\t<div class=\"elementor-widget-container\">\n\t\t\t\t\t\t\t\t\t\t\t\t\t\t\t<img loading=\"lazy\" decoding=\"async\" width=\"800\" height=\"523\" src=\"https:\/\/www.app.trta.si\/wp-content\/uploads\/2024\/05\/DSC_7096-1600x1045.jpg\" class=\"attachment-large size-large wp-image-1101\" alt=\"\" srcset=\"https:\/\/www.app.trta.si\/wp-content\/uploads\/2024\/05\/DSC_7096-1600x1045.jpg 1600w, https:\/\/www.app.trta.si\/wp-content\/uploads\/2024\/05\/DSC_7096-300x196.jpg 300w, https:\/\/www.app.trta.si\/wp-content\/uploads\/2024\/05\/DSC_7096-768x501.jpg 768w, https:\/\/www.app.trta.si\/wp-content\/uploads\/2024\/05\/DSC_7096-1536x1003.jpg 1536w, https:\/\/www.app.trta.si\/wp-content\/uploads\/2024\/05\/DSC_7096-2048x1337.jpg 2048w\" sizes=\"(max-width: 800px) 100vw, 800px\" \/>\t\t\t\t\t\t\t\t\t\t\t\t\t\t\t<\/div>\n\t\t\t\t<\/div>\n\t\t\t\t<div class=\"elementor-element elementor-element-9460265 elementor-widget elementor-widget-image\" data-id=\"9460265\" data-element_type=\"widget\" data-e-type=\"widget\" data-widget_type=\"image.default\">\n\t\t\t\t<div class=\"elementor-widget-container\">\n\t\t\t\t\t\t\t\t\t\t\t\t\t\t\t<img loading=\"lazy\" decoding=\"async\" width=\"800\" height=\"514\" src=\"https:\/\/www.app.trta.si\/wp-content\/uploads\/2024\/05\/DSC_7035-1600x1027.jpg\" class=\"attachment-large size-large wp-image-1095\" alt=\"\" srcset=\"https:\/\/www.app.trta.si\/wp-content\/uploads\/2024\/05\/DSC_7035-1600x1027.jpg 1600w, https:\/\/www.app.trta.si\/wp-content\/uploads\/2024\/05\/DSC_7035-300x193.jpg 300w, https:\/\/www.app.trta.si\/wp-content\/uploads\/2024\/05\/DSC_7035-768x493.jpg 768w, https:\/\/www.app.trta.si\/wp-content\/uploads\/2024\/05\/DSC_7035-1536x986.jpg 1536w, https:\/\/www.app.trta.si\/wp-content\/uploads\/2024\/05\/DSC_7035-2048x1315.jpg 2048w\" sizes=\"(max-width: 800px) 100vw, 800px\" \/>\t\t\t\t\t\t\t\t\t\t\t\t\t\t\t<\/div>\n\t\t\t\t<\/div>\n\t\t\t\t\t<\/div>\n\t\t\t\t<\/div>\n\t\t\t\t\t<\/div>\n\t\t<\/div>\n\t\t\t\t\t<\/div>\n\t\t<\/section>\n\t\t<div class=\"elementor-element elementor-element-40708cdb e-con-full e-flex e-con e-parent\" data-id=\"40708cdb\" data-element_type=\"container\" data-e-type=\"container\">\n\t\t\t\t<div class=\"elementor-element elementor-element-36828fc9 elementor-widget-divider--view-line elementor-widget elementor-widget-divider\" data-id=\"36828fc9\" data-element_type=\"widget\" data-e-type=\"widget\" data-widget_type=\"divider.default\">\n\t\t\t\t<div class=\"elementor-widget-container\">\n\t\t\t\t\t\t\t<div class=\"elementor-divider\">\n\t\t\t<span class=\"elementor-divider-separator\">\n\t\t\t\t\t\t<\/span>\n\t\t<\/div>\n\t\t\t\t\t\t<\/div>\n\t\t\t\t<\/div>\n\t\t\t\t<\/div>\n\t\t\t\t<section class=\"elementor-section elementor-top-section elementor-element elementor-element-397d06a3 elementor-section-content-middle elementor-section-boxed elementor-section-height-default elementor-section-height-default\" data-id=\"397d06a3\" data-element_type=\"section\" data-e-type=\"section\" data-settings=\"{&quot;shape_divider_top&quot;:&quot;waves&quot;}\">\n\t\t\t\t\t<div class=\"elementor-shape elementor-shape-top\" aria-hidden=\"true\" data-negative=\"false\">\n\t\t\t<svg xmlns=\"http:\/\/www.w3.org\/2000\/svg\" viewbox=\"0 0 1000 100\" preserveaspectratio=\"none\">\n\t<path class=\"elementor-shape-fill\" d=\"M421.9,6.5c22.6-2.5,51.5,0.4,75.5,5.3c23.6,4.9,70.9,23.5,100.5,35.7c75.8,32.2,133.7,44.5,192.6,49.7\tc23.6,2.1,48.7,3.5,103.4-2.5c54.7-6,106.2-25.6,106.2-25.6V0H0v30.3c0,0,72,32.6,158.4,30.5c39.2-0.7,92.8-6.7,134-22.4\tc21.2-8.1,52.2-18.2,79.7-24.2C399.3,7.9,411.6,7.5,421.9,6.5z\"\/>\n<\/svg>\t\t<\/div>\n\t\t\t\t\t<div class=\"elementor-container elementor-column-gap-default\">\n\t\t\t\t\t<div class=\"elementor-column elementor-col-50 elementor-top-column elementor-element elementor-element-8619845\" data-id=\"8619845\" data-element_type=\"column\" data-e-type=\"column\">\n\t\t\t<div class=\"elementor-widget-wrap elementor-element-populated\">\n\t\t\t\t\t\t<div class=\"elementor-element elementor-element-64d9f8a3 elementor-widget elementor-widget-heading\" data-id=\"64d9f8a3\" data-element_type=\"widget\" data-e-type=\"widget\" data-widget_type=\"heading.default\">\n\t\t\t\t<div class=\"elementor-widget-container\">\n\t\t\t\t\t<h2 class=\"elementor-heading-title elementor-size-large\">Contact<\/h2>\t\t\t\t<\/div>\n\t\t\t\t<\/div>\n\t\t\t\t<div class=\"elementor-element elementor-element-58c31b75 elementor-widget-divider--view-line elementor-widget elementor-widget-divider\" data-id=\"58c31b75\" data-element_type=\"widget\" data-e-type=\"widget\" data-widget_type=\"divider.default\">\n\t\t\t\t<div class=\"elementor-widget-container\">\n\t\t\t\t\t\t\t<div class=\"elementor-divider\">\n\t\t\t<span class=\"elementor-divider-separator\">\n\t\t\t\t\t\t<\/span>\n\t\t<\/div>\n\t\t\t\t\t\t<\/div>\n\t\t\t\t<\/div>\n\t\t\t\t<div class=\"elementor-element elementor-element-4eabd21c elementor-icon-list--layout-traditional elementor-list-item-link-full_width elementor-widget elementor-widget-icon-list\" data-id=\"4eabd21c\" data-element_type=\"widget\" data-e-type=\"widget\" data-widget_type=\"icon-list.default\">\n\t\t\t\t<div class=\"elementor-widget-container\">\n\t\t\t\t\t\t\t<ul class=\"elementor-icon-list-items\">\n\t\t\t\t\t\t\t<li class=\"elementor-icon-list-item\">\n\t\t\t\t\t\t\t\t\t\t\t<span class=\"elementor-icon-list-icon\">\n\t\t\t\t\t\t\t<svg aria-hidden=\"true\" class=\"e-font-icon-svg e-fas-map-marker-alt\" viewbox=\"0 0 384 512\" xmlns=\"http:\/\/www.w3.org\/2000\/svg\"><path d=\"M172.268 501.67C26.97 291.031 0 269.413 0 192 0 85.961 85.961 0 192 0s192 85.961 192 192c0 77.413-26.97 99.031-172.268 309.67-9.535 13.774-29.93 13.773-39.464 0zM192 272c44.183 0 80-35.817 80-80s-35.817-80-80-80-80 35.817-80 80 35.817 80 80 80z\"><\/path><\/svg>\t\t\t\t\t\t<\/span>\n\t\t\t\t\t\t\t\t\t\t<span class=\"elementor-icon-list-text\">Grudnovo nabre\u017eje 21, 1000 Ljubljana Slovenija<\/span>\n\t\t\t\t\t\t\t\t\t<\/li>\n\t\t\t\t\t\t\t\t<li class=\"elementor-icon-list-item\">\n\t\t\t\t\t\t\t\t\t\t\t<span class=\"elementor-icon-list-icon\">\n\t\t\t\t\t\t\t<svg aria-hidden=\"true\" class=\"e-font-icon-svg e-fas-envelope-square\" viewbox=\"0 0 448 512\" xmlns=\"http:\/\/www.w3.org\/2000\/svg\"><path d=\"M400 32H48C21.49 32 0 53.49 0 80v352c0 26.51 21.49 48 48 48h352c26.51 0 48-21.49 48-48V80c0-26.51-21.49-48-48-48zM178.117 262.104C87.429 196.287 88.353 196.121 64 177.167V152c0-13.255 10.745-24 24-24h272c13.255 0 24 10.745 24 24v25.167c-24.371 18.969-23.434 19.124-114.117 84.938-10.5 7.655-31.392 26.12-45.883 25.894-14.503.218-35.367-18.227-45.883-25.895zM384 217.775V360c0 13.255-10.745 24-24 24H88c-13.255 0-24-10.745-24-24V217.775c13.958 10.794 33.329 25.236 95.303 70.214 14.162 10.341 37.975 32.145 64.694 32.01 26.887.134 51.037-22.041 64.72-32.025 61.958-44.965 81.325-59.406 95.283-70.199z\"><\/path><\/svg>\t\t\t\t\t\t<\/span>\n\t\t\t\t\t\t\t\t\t\t<span class=\"elementor-icon-list-text\">apptrta@gmail.com<\/span>\n\t\t\t\t\t\t\t\t\t<\/li>\n\t\t\t\t\t\t\t\t<li class=\"elementor-icon-list-item\">\n\t\t\t\t\t\t\t\t\t\t\t<span class=\"elementor-icon-list-icon\">\n\t\t\t\t\t\t\t<svg aria-hidden=\"true\" class=\"e-font-icon-svg e-fas-phone-square\" viewbox=\"0 0 448 512\" xmlns=\"http:\/\/www.w3.org\/2000\/svg\"><path d=\"M400 32H48C21.49 32 0 53.49 0 80v352c0 26.51 21.49 48 48 48h352c26.51 0 48-21.49 48-48V80c0-26.51-21.49-48-48-48zM94 416c-7.033 0-13.057-4.873-14.616-11.627l-14.998-65a15 15 0 0 1 8.707-17.16l69.998-29.999a15 15 0 0 1 17.518 4.289l30.997 37.885c48.944-22.963 88.297-62.858 110.781-110.78l-37.886-30.997a15.001 15.001 0 0 1-4.289-17.518l30-69.998a15 15 0 0 1 17.16-8.707l65 14.998A14.997 14.997 0 0 1 384 126c0 160.292-129.945 290-290 290z\"><\/path><\/svg>\t\t\t\t\t\t<\/span>\n\t\t\t\t\t\t\t\t\t\t<span class=\"elementor-icon-list-text\">+386 40 973 597<\/span>\n\t\t\t\t\t\t\t\t\t<\/li>\n\t\t\t\t\t\t\t\t<li class=\"elementor-icon-list-item\">\n\t\t\t\t\t\t\t\t\t\t\t<a href=\"https:\/\/www.booking.com\/hotel\/si\/trta.en-gb.html\">\n\n\t\t\t\t\t\t\t\t\t\t\t\t<span class=\"elementor-icon-list-icon\">\n\t\t\t\t\t\t\t<svg aria-hidden=\"true\" class=\"e-font-icon-svg e-fas-bold\" viewbox=\"0 0 384 512\" xmlns=\"http:\/\/www.w3.org\/2000\/svg\"><path d=\"M333.49 238a122 122 0 0 0 27-65.21C367.87 96.49 308 32 233.42 32H34a16 16 0 0 0-16 16v48a16 16 0 0 0 16 16h31.87v288H34a16 16 0 0 0-16 16v48a16 16 0 0 0 16 16h209.32c70.8 0 134.14-51.75 141-122.4 4.74-48.45-16.39-92.06-50.83-119.6zM145.66 112h87.76a48 48 0 0 1 0 96h-87.76zm87.76 288h-87.76V288h87.76a56 56 0 0 1 0 112z\"><\/path><\/svg>\t\t\t\t\t\t<\/span>\n\t\t\t\t\t\t\t\t\t\t<span class=\"elementor-icon-list-text\">Booking<\/span>\n\t\t\t\t\t\t\t\t\t\t\t<\/a>\n\t\t\t\t\t\t\t\t\t<\/li>\n\t\t\t\t\t\t<\/ul>\n\t\t\t\t\t\t<\/div>\n\t\t\t\t<\/div>\n\t\t\t\t\t<\/div>\n\t\t<\/div>\n\t\t\t\t<div class=\"elementor-column elementor-col-50 elementor-top-column elementor-element elementor-element-79353ddf\" data-id=\"79353ddf\" data-element_type=\"column\" data-e-type=\"column\">\n\t\t\t<div class=\"elementor-widget-wrap elementor-element-populated\">\n\t\t\t\t\t\t<div class=\"elementor-element elementor-element-71b0e6d2 e-transform elementor-widget elementor-widget-google_maps\" data-id=\"71b0e6d2\" data-element_type=\"widget\" data-e-type=\"widget\" data-settings=\"{&quot;_transform_scale_effect&quot;:{&quot;unit&quot;:&quot;px&quot;,&quot;size&quot;:&quot;&quot;,&quot;sizes&quot;:[]},&quot;_transform_scale_effect_tablet&quot;:{&quot;unit&quot;:&quot;px&quot;,&quot;size&quot;:&quot;&quot;,&quot;sizes&quot;:[]},&quot;_transform_scale_effect_mobile&quot;:{&quot;unit&quot;:&quot;px&quot;,&quot;size&quot;:&quot;&quot;,&quot;sizes&quot;:[]}}\" data-widget_type=\"google_maps.default\">\n\t\t\t\t<div class=\"elementor-widget-container\">\n\t\t\t\t\t\t\t<div class=\"elementor-custom-embed\">\n\t\t\t<iframe loading=\"lazy\"\n\t\t\t\t\tsrc=\"https:\/\/maps.google.com\/maps?q=Pizzeria%20Trta&#038;t=m&#038;z=13&#038;output=embed&#038;iwloc=near\"\n\t\t\t\t\ttitle=\"Pizzeria Trta\"\n\t\t\t\t\taria-label=\"Pizzeria Trta\"\n\t\t\t><\/iframe>\n\t\t<\/div>\n\t\t\t\t\t\t<\/div>\n\t\t\t\t<\/div>\n\t\t\t\t\t<\/div>\n\t\t<\/div>\n\t\t\t\t\t<\/div>\n\t\t<\/section>\n\t\t\t\t<\/div>","protected":false},"excerpt":{"rendered":"<p>apartma Apartma, urejen leta 2014 se nahaja v prvem nadstropju, nad restavracijo Pizzerija Trta in je primeren za \u0161tiri ljudi. Apartma je sestavljen iz odprtega bivalnega prostora s kuhinjo, jedilno mizo, kav\u010dem in pametno televizijo. Kuhinja je opremljena s \u0161tedilnikom, pe\u010dico, pomivalnim strojem, mikrovalovno pe\u010dico ter vso ostalo potrebno opremo. V apartmaju sta na voljo [&hellip;]<\/p>\n","protected":false},"author":3,"featured_media":0,"parent":0,"menu_order":0,"comment_status":"closed","ping_status":"closed","template":"","meta":{"footnotes":""},"class_list":["post-797","page","type-page","status-publish","hentry"],"_links":{"self":[{"href":"https:\/\/www.app.trta.si\/en\/wp-json\/wp\/v2\/pages\/797","targetHints":{"allow":["GET"]}}],"collection":[{"href":"https:\/\/www.app.trta.si\/en\/wp-json\/wp\/v2\/pages"}],"about":[{"href":"https:\/\/www.app.trta.si\/en\/wp-json\/wp\/v2\/types\/page"}],"author":[{"embeddable":true,"href":"https:\/\/www.app.trta.si\/en\/wp-json\/wp\/v2\/users\/3"}],"replies":[{"embeddable":true,"href":"https:\/\/www.app.trta.si\/en\/wp-json\/wp\/v2\/comments?post=797"}],"version-history":[{"count":37,"href":"https:\/\/www.app.trta.si\/en\/wp-json\/wp\/v2\/pages\/797\/revisions"}],"predecessor-version":[{"id":1211,"href":"https:\/\/www.app.trta.si\/en\/wp-json\/wp\/v2\/pages\/797\/revisions\/1211"}],"wp:attachment":[{"href":"https:\/\/www.app.trta.si\/en\/wp-json\/wp\/v2\/media?parent=797"}],"curies":[{"name":"wp","href":"https:\/\/api.w.org\/{rel}","templated":true}]}}